{"id":15,"date":"2016-08-24T15:12:44","date_gmt":"2016-08-24T15:12:44","guid":{"rendered":"http:\/\/supridata.com\/site\/?page_id=15"},"modified":"2016-08-24T15:12:44","modified_gmt":"2016-08-24T15:12:44","slug":"empresa","status":"publish","type":"page","link":"http:\/\/supridata.com\/site\/empresa\/","title":{"rendered":"Empresa"},"content":{"rendered":"<h2 align=\"center\">Grupo de Profissionais na \u00c1rea de Automa\u00e7\u00e3o de \u00d3rg\u00e3os P\u00fablicos<\/h2>\n<p align=\"justify\" style=\"font-size: 14px;\">A Supridata Sistemas &#038; Solu\u00e7\u00f5es \u00e9 uma empresa Alagoana criada no dia 08 de Outubro de 1990, especializada em Automa\u00e7\u00e3o de Gest\u00e3o P\u00fablica. Atua tamb\u00e9m na internet com o Portal da Transpar\u00eancia e com o Portal dos Munic\u00edpios com a publica\u00e7\u00e3o de relat\u00f3rios de responsabilidade fiscal, apresentando solu\u00e7\u00f5es de automa\u00e7\u00e3o e\/ou informatiza\u00e7\u00e3o de seus departamentos e setores, que visam auxiliar e otimizar os processos de trabalho.<\/p>\n<p align=\"justify\" style=\"font-size: 14px;\">Oferecemos uma gama imprescind\u00edvel de softwares capaz de otimizar e gerenciar os mais variados setores da administra\u00e7\u00e3o p\u00fablica, destacando-se pela sua excelente usuabilidade e pela manuseabilidade. O bom relacionamento com os clientes, demonstra nosso compromisso com os resultados e expectativas dos clientes em busca de solu\u00e7\u00f5es modernas e tecnicamente adequadas \u00e0 realidade de neg\u00f3cio.<\/p>\n<p><!--\n  \n\n<div class=\"img-frame full-banner\"><img loading=\"lazy\" src=\"http:\/\/supridata.com\/site\/wp-content\/uploads\/2016\/08\/empresa-1-1.png\" alt=\"Empresa\" width=\"940\" height=\"161\"\/><\/div>\n\n\n--><\/p>\n<div class=\"faq-answers clearfix\">\n<div class=\"faq-wrap clearfix\">\n<div class=\"faq-number answer_1\"><\/div>\n<div class=\"faq-content\">\n<div class=\"faq-answer\" id=\"answer_1_text\">\n<h3>Miss\u00e3o<\/h3>\n<p align=\"justify\" style=\"font-size: 14px;\">Satisfazer as necessidades dos clientes atrav\u00e9s da Loca\u00e7\u00e3o de Bens e Servi\u00e7os de Inform\u00e1tica e Tecnologia, desenvolvidos para auxiliar e aperfei\u00e7oar os processos administrativos dos munic\u00edpios, atendendo plenamente as normativas legais<\/p>\n<\/p><\/div>\n<p><!-- end .faq-answer --><\/p>\n<div class=\"basic-divider\"><\/div>\n<\/p><\/div>\n<p><!-- end .faq-content --><\/p>\n<div class=\"faq-wrap clearfix\">\n<div class=\"faq-number answer_2\"><\/div>\n<div class=\"faq-content\">\n<h3>Vis\u00e3o<\/h3>\n<p align=\"justify\" style=\"font-size: 14px;\">Ser reconhecida por seus clientes e pelo mercado como uma empresa modelo de excel\u00eancia por servi\u00e7os prestados em Gest\u00e3o P\u00fablica, seu diferencial est\u00e1 no atendimento, confiabilidade e cumprimento dos seus compromissos.<\/p>\n","protected":false},"excerpt":{"rendered":"<p>Grupo de Profissionais na \u00c1rea de Automa\u00e7\u00e3o de \u00d3rg\u00e3os P\u00fablicos A Supridata Sistemas &#038; Solu\u00e7\u00f5es \u00e9 uma empresa Alagoana criada no dia 08 de Outubro de 1990, especializada em Automa\u00e7\u00e3o de Gest\u00e3o P\u00fablica. Atua tamb\u00e9m na internet com o Portal da Transpar\u00eancia e com o Portal dos Munic\u00edpios com a publica\u00e7\u00e3o de relat\u00f3rios de responsabilidade [&hellip;]<\/p>\n","protected":false},"author":1,"featured_media":0,"parent":0,"menu_order":0,"comment_status":"open","ping_status":"closed","template":"","meta":[],"_links":{"self":[{"href":"http:\/\/supridata.com\/site\/wp-json\/wp\/v2\/pages\/15"}],"collection":[{"href":"http:\/\/supridata.com\/site\/wp-json\/wp\/v2\/pages"}],"about":[{"href":"http:\/\/supridata.com\/site\/wp-json\/wp\/v2\/types\/page"}],"author":[{"embeddable":true,"href":"http:\/\/supridata.com\/site\/wp-json\/wp\/v2\/users\/1"}],"replies":[{"embeddable":true,"href":"http:\/\/supridata.com\/site\/wp-json\/wp\/v2\/comments?post=15"}],"version-history":[{"count":0,"href":"http:\/\/supridata.com\/site\/wp-json\/wp\/v2\/pages\/15\/revisions"}],"wp:attachment":[{"href":"http:\/\/supridata.com\/site\/wp-json\/wp\/v2\/media?parent=15"}],"curies":[{"name":"wp","href":"https:\/\/api.w.org\/{rel}","templated":true}]}}