{"id":17,"date":"2016-08-24T15:12:59","date_gmt":"2016-08-24T18:12:59","guid":{"rendered":"http:\/\/supridata.com\/site\/?page_id=17"},"modified":"2016-08-24T15:12:59","modified_gmt":"2016-08-24T18:12:59","slug":"softwares","status":"publish","type":"page","link":"http:\/\/supridata.com\/site\/softwares\/","title":{"rendered":"Softwares"},"content":{"rendered":"<p><!--\n\n<p>\nA Supridata Sistemas &amp; Solu\u00e7\u00f5es desenvolve softwares para Gest\u00e3o P\u00fablica visando facilitar e auxiliar os servi\u00e7os das prefeituras. Todos os softwares desenvolvidos s\u00e3o ajust\u00e1veis as necessidades e ao perfil de cada cliente, sendo programas abertos para modifica\u00e7\u00f5es.\n<\/p>\n\n\n--><\/p>\n<div class=\"one_third\">\n<div class=\"tt-icon-box\"><span class=\"fa-stack fa-4x\"><i class=\"fa fa-circle fa-stack-2x\" style=\"color:#0b4b84\"><\/i><i class=\"fa fa-clipboard fa-stack-1x fa-inverse\"><\/i><\/span><\/p>\n<h3>Almoxarifado<\/h3>\n<h3 style=\"font-size: 12px\">Vers\u00e3o Desktop<\/h3>\n<p align=\"justify\">Otimiza o investimento em estoques, cadastro de produtos rapidamente em lotes ou em unidades e controle de validade dos produtos<\/p>\n<p><a href=\"http:\/\/supridata.com\/site\/softwares\/almoxarifado\" class=\"small cool-blue tt-button\" target=\"_self\"><i class=\"fa fa-search\"><\/i> Detalhes <\/a><\/p>\n<\/p><\/div>\n<\/div>\n<div class=\"one_third\">\n<div class=\"tt-icon-box\"><span class=\"fa-stack fa-4x\"><i class=\"fa fa-circle fa-stack-2x\" style=\"color:#0b4b84\"><\/i><i class=\"fa fa-desktop fa-stack-1x fa-inverse\"><\/i><\/span><\/p>\n<h3>Folha de Pagamento<\/h3>\n<h3 style=\"font-size: 12px\">Vers\u00e3o Desktop<\/h3>\n<p align=\"justify\">Tem a fun\u00e7\u00e3o operacional, cont\u00e1bil e fiscal devendo ser constitu\u00edda com base em todas as ocorr\u00eancias mensais do empregado<\/p>\n<p><a href=\"http:\/\/supridata.com\/site\/softwares\/folha\" class=\"small cool-blue tt-button\" target=\"_self\"><i class=\"fa fa-search\"><\/i> Detalhes <\/a><\/p>\n<\/p><\/div>\n<\/div>\n<div class=\"one_third\">\n<div class=\"tt-icon-box\"><span class=\"fa-stack fa-4x\"><i class=\"fa fa-circle fa-stack-2x\" style=\"color:#0b4b84\"><\/i><i class=\"fa fa-laptop fa-stack-1x fa-inverse\"><\/i><\/span><\/p>\n<h3>Nota Fiscal Eletr\u00f4nica<\/h3>\n<h3 style=\"font-size: 12px\">Vers\u00e3o Web<\/h3>\n<p align=\"justify\">Modelo de documento fiscal em formato digital com assinatura eletr\u00f4nica, facilitando a vida do contribuinte<\/p>\n<p><a href=\"http:\/\/supridata.com\/site\/softwares\/nota\" class=\"small cool-blue tt-button\" target=\"_self\"><i class=\"fa fa-search\"><\/i> Detalhes <\/a><\/p>\n<\/p><\/div>\n<\/div>\n<p>&nbsp;<\/p>\n<div class=\"one_third\">\n<div class=\"tt-icon-box\"><span class=\"fa-stack fa-4x\"><i class=\"fa fa-circle fa-stack-2x\" style=\"color:#0b4b84\"><\/i><i class=\"fa fa-tags fa-stack-1x fa-inverse\"><\/i><\/span><\/p>\n<h3>Patrim\u00f4nio<\/h3>\n<h3 style=\"font-size: 12px\">Vers\u00e3o Desktop<\/h3>\n<p align=\"justify\">Gest\u00e3o de informa\u00e7\u00f5es cont\u00e1beis e fiscais com um controle de todos os bens m\u00f3veis e im\u00f3veis<\/p>\n<p><a href=\"http:\/\/supridata.com\/site\/softwares\/patrimonio\" class=\"small cool-blue tt-button\" target=\"_self\"><i class=\"fa fa-search\"><\/i> Detalhes <\/a><\/p>\n<\/p><\/div>\n<\/div>\n<div class=\"one_third\">\n<div class=\"tt-icon-box\"><span class=\"fa-stack fa-4x\"><i class=\"fa fa-circle fa-stack-2x\" style=\"color:#0b4b84\"><\/i><i class=\"fa fa-book fa-stack-1x fa-inverse\"><\/i><\/span><\/p>\n<h3>Protocolo<\/h3>\n<h3 style=\"font-size: 12px\">Vers\u00e3o Desktop \/ Web<\/h3>\n<p align=\"justify\">Oferece uma vis\u00e3o integrada do tr\u00e2mite dos documentos avulsos ou processos com a maior transpar\u00eancia<\/p>\n<p><a href=\"http:\/\/supridata.com\/site\/softwares\/protocolo\" class=\"small cool-blue tt-button\" target=\"_self\"><i class=\"fa fa-search\"><\/i> Detalhes <\/a><\/p>\n<\/p><\/div>\n<\/div>\n<div class=\"one_third\">\n<div class=\"tt-icon-box\"><span class=\"fa-stack fa-4x\"><i class=\"fa fa-circle fa-stack-2x\" style=\"color:#0b4b84\"><\/i><i class=\"fa fa-calculator fa-stack-1x fa-inverse\"><\/i><\/span><\/p>\n<h3>Tributos<\/h3>\n<h3 style=\"font-size: 12px\">Vers\u00e3o Desktop<\/h3>\n<p align=\"justify\">Facilita a vida do contribuinte e as atividades de fiscaliza\u00e7\u00e3o sobre as opera\u00e7\u00f5es e presta\u00e7\u00f5es tributadas<\/p>\n<p><a href=\"http:\/\/supridata.com\/site\/softwares\/tributos\" class=\"small cool-blue tt-button\" target=\"_self\"><i class=\"fa fa-search\"><\/i> Detalhes <\/a><\/p>\n<\/p><\/div>\n<\/div>\n","protected":false},"excerpt":{"rendered":"<p>Almoxarifado Vers\u00e3o Desktop Otimiza o investimento em estoques, cadastro de produtos rapidamente em lotes ou em unidades e controle de validade dos produtos Detalhes Folha de Pagamento Vers\u00e3o Desktop Tem a fun\u00e7\u00e3o operacional, cont\u00e1bil e fiscal devendo ser constitu\u00edda com base em todas as ocorr\u00eancias mensais do empregado Detalhes Nota Fiscal Eletr\u00f4nica Vers\u00e3o Web Modelo [&hellip;]<\/p>\n","protected":false},"author":1,"featured_media":0,"parent":0,"menu_order":0,"comment_status":"open","ping_status":"closed","template":"","meta":[],"_links":{"self":[{"href":"http:\/\/supridata.com\/site\/wp-json\/wp\/v2\/pages\/17"}],"collection":[{"href":"http:\/\/supridata.com\/site\/wp-json\/wp\/v2\/pages"}],"about":[{"href":"http:\/\/supridata.com\/site\/wp-json\/wp\/v2\/types\/page"}],"author":[{"embeddable":true,"href":"http:\/\/supridata.com\/site\/wp-json\/wp\/v2\/users\/1"}],"replies":[{"embeddable":true,"href":"http:\/\/supridata.com\/site\/wp-json\/wp\/v2\/comments?post=17"}],"version-history":[{"count":0,"href":"http:\/\/supridata.com\/site\/wp-json\/wp\/v2\/pages\/17\/revisions"}],"wp:attachment":[{"href":"http:\/\/supridata.com\/site\/wp-json\/wp\/v2\/media?parent=17"}],"curies":[{"name":"wp","href":"https:\/\/api.w.org\/{rel}","templated":true}]}}