{"id":19,"date":"2016-08-24T15:13:11","date_gmt":"2016-08-24T15:13:11","guid":{"rendered":"http:\/\/supridata.com\/site\/?page_id=19"},"modified":"2016-08-24T15:13:11","modified_gmt":"2016-08-24T15:13:11","slug":"servicos","status":"publish","type":"page","link":"http:\/\/supridata.com\/site\/servicos\/","title":{"rendered":"Servi\u00e7os"},"content":{"rendered":"<div class=\"one_fourth\">\n<div class=\"tt-icon-box\"><span class=\"fa-stack fa-4x\"><i class=\"fa fa-circle fa-stack-2x\" style=\"color:#0b4b84\"><\/i><i class=\"fa fa-money fa-stack-1x fa-inverse\"><\/i><\/span><\/p>\n<h3>Contra-Cheque Online<\/h3>\n<p><a href=\"http:\/\/supridata.com\/site\/servicos\/contracheque\" class=\"small cool-blue tt-button\" target=\"_self\"><i class=\"fa fa-search\"><\/i> Detalhes <\/a><\/p>\n<\/p><\/div>\n<\/div>\n<div class=\"one_fourth\">\n<div class=\"tt-icon-box\"><span class=\"fa-stack fa-4x\"><i class=\"fa fa-circle fa-stack-2x\" style=\"color:#0b4b84\"><\/i><i class=\"fa fa-tablet fa-stack-1x fa-inverse\"><\/i><\/span><\/p>\n<h3>Desenvolvimento Sites Responsivos<\/h3>\n<p><a href=\"http:\/\/supridata.com\/site\/servicos\/sitesresponsivos\" class=\"small cool-blue tt-button\" target=\"_self\"> <i class=\"fa fa-search\"><\/i> Detalhes <\/a><\/p>\n<\/p><\/div>\n<\/div>\n<div class=\"one_fourth\">\n<div class=\"tt-icon-box\"><span class=\"fa-stack fa-4x\"><i class=\"fa fa-circle fa-stack-2x\" style=\"color:#0b4b84\"><\/i><i class=\"fa fa-database fa-stack-1x fa-inverse\"><\/i><\/span><\/p>\n<h3>Hospedagem de Sites<\/h3>\n<p><a href=\"http:\/\/supridata.com\/site\/servicos\/hospedagem\" class=\"small cool-blue tt-button\" target=\"_self\"><i class=\"fa fa-search\"><\/i> Detalhes <\/a><\/p>\n<\/p><\/div>\n<\/div>\n<div class=\"one_fourth\">\n<div class=\"tt-icon-box\"><span class=\"fa-stack fa-4x\"><i class=\"fa fa-circle fa-stack-2x\" style=\"color:#0b4b84\"><\/i><i class=\"fa fa-print fa-stack-1x fa-inverse\"><\/i><\/span><\/p>\n<h3>Impress\u00e3o de Dados Vari\u00e1veis<\/h3>\n<p><a href=\"http:\/\/supridata.com\/site\/servicos\/dadosvariaveis\" class=\"small cool-blue tt-button\" target=\"_self\"><i class=\"fa fa-search\"><\/i> Detalhes <\/a><\/p>\n<\/div>\n<\/div>\n<div class=\"row\">\n<div class=\"one_fourth\">\n<div class=\"tt-icon-box\"><span class=\"fa-stack fa-4x\"><i class=\"fa fa-circle fa-stack-2x\" style=\"color:#0b4b84\"><\/i><i class=\"fa fa-cloud-upload fa-stack-1x fa-inverse\"><\/i><\/span><\/p>\n<h3>Publica\u00e7\u00e3o de Relat\u00f3rios Fiscais<\/h3>\n<p><a href=\"http:\/\/supridata.com\/site\/servicos\/relatoriosfiscais\" class=\"small cool-blue tt-button\" target=\"_self\"><i class=\"fa fa-search\"><\/i> Detalhes <\/a><\/p>\n<\/p><\/div>\n<\/div>\n<\/div>\n","protected":false},"excerpt":{"rendered":"<p>Contra-Cheque Online Detalhes Desenvolvimento Sites Responsivos Detalhes Hospedagem de Sites Detalhes Impress\u00e3o de Dados Vari\u00e1veis Detalhes Publica\u00e7\u00e3o de Relat\u00f3rios Fiscais Detalhes<\/p>\n","protected":false},"author":1,"featured_media":0,"parent":0,"menu_order":0,"comment_status":"open","ping_status":"closed","template":"","meta":[],"_links":{"self":[{"href":"http:\/\/supridata.com\/site\/wp-json\/wp\/v2\/pages\/19"}],"collection":[{"href":"http:\/\/supridata.com\/site\/wp-json\/wp\/v2\/pages"}],"about":[{"href":"http:\/\/supridata.com\/site\/wp-json\/wp\/v2\/types\/page"}],"author":[{"embeddable":true,"href":"http:\/\/supridata.com\/site\/wp-json\/wp\/v2\/users\/1"}],"replies":[{"embeddable":true,"href":"http:\/\/supridata.com\/site\/wp-json\/wp\/v2\/comments?post=19"}],"version-history":[{"count":0,"href":"http:\/\/supridata.com\/site\/wp-json\/wp\/v2\/pages\/19\/revisions"}],"wp:attachment":[{"href":"http:\/\/supridata.com\/site\/wp-json\/wp\/v2\/media?parent=19"}],"curies":[{"name":"wp","href":"https:\/\/api.w.org\/{rel}","templated":true}]}}