{"id":648,"date":"2016-11-30T08:49:01","date_gmt":"2016-11-30T11:49:01","guid":{"rendered":"http:\/\/supridata.com\/site\/?page_id=648"},"modified":"2016-11-30T08:49:01","modified_gmt":"2016-11-30T11:49:01","slug":"dadosvariaveis","status":"publish","type":"page","link":"http:\/\/supridata.com\/site\/dadosvariaveis\/","title":{"rendered":"Impress\u00e3o de Dados Vari\u00e1veis"},"content":{"rendered":"<h2 align=\"left\"><span class=\"fa-stack fa-1x\"><i class=\"fa fa-circle fa-stack-2x\" style=\"color:#0b4b84\"><\/i><i class=\"fa fa-print fa-stack-1x fa-inverse\"><\/i><\/span> Impress\u00e3o de Dados Vari\u00e1veis<\/h2>\n<div class=\"one_third\">\n  <img src=\"http:\/\/supridata.com\/site\/wp-content\/uploads\/2016\/11\/cob-1-1.jpg\">\n<\/div>\n<p>&nbsp;<\/p>\n<div>\n<p align=\"justify\" style=\"font-size:14px;\"> A impress\u00e3o de dados vari\u00e1veis permite a personaliza\u00e7\u00e3o de materiais, com base em dados espec\u00edficos sobre um p\u00fablico alvo. O objetivo \u00e9 otimizar a produ\u00e7\u00e3o de impress\u00e3o e fluxos de trabalho, permitindo a cria\u00e7\u00e3o de rotinas customizadas voltadas \u00e0 impress\u00e3o de carn\u00eas de IPTU, d\u00edvida ativa, cobran\u00e7as, informativos, entre outros documentos. Para saber mais entre em contato conosco <a href=\"http:\/\/supridata.com\/site\/contato\" target=\"_self\"><strong>Clicando Aqui<\/strong><\/a><\/p>\n<\/div>\n","protected":false},"excerpt":{"rendered":"<p>Impress\u00e3o de Dados Vari\u00e1veis &nbsp; A impress\u00e3o de dados vari\u00e1veis permite a personaliza\u00e7\u00e3o de materiais, com base em dados espec\u00edficos sobre um p\u00fablico alvo. O objetivo \u00e9 otimizar a produ\u00e7\u00e3o de impress\u00e3o e fluxos de trabalho, permitindo a cria\u00e7\u00e3o de rotinas customizadas voltadas \u00e0 impress\u00e3o de carn\u00eas de IPTU, d\u00edvida ativa, cobran\u00e7as, informativos, entre outros [&hellip;]<\/p>\n","protected":false},"author":1,"featured_media":0,"parent":0,"menu_order":0,"comment_status":"open","ping_status":"closed","template":"","meta":[],"_links":{"self":[{"href":"http:\/\/supridata.com\/site\/wp-json\/wp\/v2\/pages\/648"}],"collection":[{"href":"http:\/\/supridata.com\/site\/wp-json\/wp\/v2\/pages"}],"about":[{"href":"http:\/\/supridata.com\/site\/wp-json\/wp\/v2\/types\/page"}],"author":[{"embeddable":true,"href":"http:\/\/supridata.com\/site\/wp-json\/wp\/v2\/users\/1"}],"replies":[{"embeddable":true,"href":"http:\/\/supridata.com\/site\/wp-json\/wp\/v2\/comments?post=648"}],"version-history":[{"count":0,"href":"http:\/\/supridata.com\/site\/wp-json\/wp\/v2\/pages\/648\/revisions"}],"wp:attachment":[{"href":"http:\/\/supridata.com\/site\/wp-json\/wp\/v2\/media?parent=648"}],"curies":[{"name":"wp","href":"https:\/\/api.w.org\/{rel}","templated":true}]}}