{"id":68,"date":"2016-08-29T12:54:17","date_gmt":"2016-08-29T12:54:17","guid":{"rendered":"http:\/\/supridata.com\/site\/?page_id=68"},"modified":"2016-08-29T12:54:17","modified_gmt":"2016-08-29T12:54:17","slug":"patrimonio","status":"publish","type":"page","link":"http:\/\/supridata.com\/site\/softwares\/patrimonio\/","title":{"rendered":"Patrim\u00f4nio"},"content":{"rendered":"<h2 align=\"left\"><span class=\"fa-stack fa-1x\"><i class=\"fa fa-circle fa-stack-2x\" style=\"color:#0b4b84\"><\/i><i class=\"fa fa-tags fa-stack-1x fa-inverse\"><\/i><\/span> Software de Controle Patrimonial<\/h2>\n<p align=\"justify\" style=\"font-size:14px;\">Gest\u00e3o de informa\u00e7\u00f5es cont\u00e1beis e fiscais, permitindo um controle de todos os bens m\u00f3veis e im\u00f3veis dos \u00d3rg\u00e3os P\u00fablicos, que pode ser organizado por empresa, centro de custo e lota\u00e7\u00e3o, onde esse controle abrange desde os ativos tang\u00edveis quanto os intang\u00edveis. Segue abaixo uma breve descri\u00e7\u00e3o das funcionalidades do sistema, para saber mais entre em contato conosco <a href=\"http:\/\/supridata.com\/site\/contato\" target=\"_self\"><strong>Clicando Aqui<\/strong><\/a><\/p>\n<div class=\"one_fourth\">\n<div class=\"tt-contentbox\">\n<div class=\"tt-contentbox-title tt-cb-title-grey\" align=\"center\"><span><i class=\"fa fa-plus\"><\/i> Cadastro<\/span><\/div>\n<div class=\"tt-contentbox-content tt-content-style-grey\">\n<ul>\n<li> Centro de Custo <\/li>\n<li> Conta Cont\u00e1bil <\/li>\n<li> Empresa <\/li>\n<li> Fornecedor <\/li>\n<li> Grupo <\/li>\n<li> Lota\u00e7\u00e3o <\/li>\n<li> Patrim\u00f4nio <\/li>\n<li> Respons\u00e1vel <\/li>\n<\/ul>\n<\/div>\n<\/div>\n<\/div>\n<div class=\"one_fourth\">\n<div class=\"tt-contentbox\">\n<div class=\"tt-contentbox-title tt-cb-title-grey\" align=\"center\"><span><i class=\"fa fa-list-alt\"><\/i> Movimenta\u00e7\u00e3o<\/span><\/div>\n<div class=\"tt-contentbox-content tt-content-style-grey\">\n<ul>\n<li> Baixa <\/li>\n<li> Defeito <\/li>\n<li> Deprecia\u00e7\u00e3o <\/li>\n<li> Invent\u00e1rio <\/li>\n<li> Manuten\u00e7\u00e3o <\/li>\n<p>  <LI> Patrim\u00f4nio <\/li>\n<li> Reavalia\u00e7\u00e3o <\/li>\n<li> Transfer\u00eancia <\/li>\n<\/ul>\n<\/div>\n<\/div>\n<\/div>\n<div class=\"one_fourth\">\n<div class=\"tt-contentbox\">\n<div class=\"tt-contentbox-title tt-cb-title-grey\" align=\"center\"><span><i class=\"fa fa-print\"><\/i> Relat\u00f3rios<\/span><\/div>\n<div class=\"tt-contentbox-content tt-content-style-grey\">\n<ul>\n<li> Baixa <\/li>\n<li> Bens a Inventariar <\/li>\n<li> Bens em Invent\u00e1rio <\/li>\n<li> Defeito \/ Manuten\u00e7\u00e3o <\/li>\n<li> Deprecia\u00e7\u00e3o <\/li>\n<li> Patrim\u00f4nio <\/li>\n<li> Personalizados <\/li>\n<li> Transfer\u00eancia <\/li>\n<\/ul>\n<\/div>\n<\/div>\n<\/div>\n<div class=\"one_fourth\">\n<div class=\"tt-contentbox\">\n<div class=\"tt-contentbox-title tt-cb-title-grey\" align=\"center\"><span><i class=\"fa fa-unlock-alt\"><\/i> Acesso e Seguran\u00e7a<\/span><\/div>\n<div class=\"tt-contentbox-content tt-content-style-grey\">\n<ul>\n<li> Acesso em Rede <\/li>\n<li> Backup Manual <\/li>\n<li> Backup Autom\u00e1tico <\/li>\n<li> Mudan\u00e7a de Senha <\/li>\n<li> N\u00edveis de Acesso <\/li>\n<li> Registros de Log <\/li>\n<li> Restaura\u00e7\u00e3o de Backup <\/li>\n<li> Senha Criptografada <\/li>\n<\/ul>\n<\/div>\n<\/div>\n<\/div>\n","protected":false},"excerpt":{"rendered":"<p>Software de Controle Patrimonial Gest\u00e3o de informa\u00e7\u00f5es cont\u00e1beis e fiscais, permitindo um controle de todos os bens m\u00f3veis e im\u00f3veis dos \u00d3rg\u00e3os P\u00fablicos, que pode ser organizado por empresa, centro de custo e lota\u00e7\u00e3o, onde esse controle abrange desde os ativos tang\u00edveis quanto os intang\u00edveis. Segue abaixo uma breve descri\u00e7\u00e3o das funcionalidades do sistema, para [&hellip;]<\/p>\n","protected":false},"author":1,"featured_media":0,"parent":17,"menu_order":0,"comment_status":"open","ping_status":"closed","template":"","meta":[],"_links":{"self":[{"href":"http:\/\/supridata.com\/site\/wp-json\/wp\/v2\/pages\/68"}],"collection":[{"href":"http:\/\/supridata.com\/site\/wp-json\/wp\/v2\/pages"}],"about":[{"href":"http:\/\/supridata.com\/site\/wp-json\/wp\/v2\/types\/page"}],"author":[{"embeddable":true,"href":"http:\/\/supridata.com\/site\/wp-json\/wp\/v2\/users\/1"}],"replies":[{"embeddable":true,"href":"http:\/\/supridata.com\/site\/wp-json\/wp\/v2\/comments?post=68"}],"version-history":[{"count":0,"href":"http:\/\/supridata.com\/site\/wp-json\/wp\/v2\/pages\/68\/revisions"}],"up":[{"embeddable":true,"href":"http:\/\/supridata.com\/site\/wp-json\/wp\/v2\/pages\/17"}],"wp:attachment":[{"href":"http:\/\/supridata.com\/site\/wp-json\/wp\/v2\/media?parent=68"}],"curies":[{"name":"wp","href":"https:\/\/api.w.org\/{rel}","templated":true}]}}