{"id":72,"date":"2016-08-29T12:55:04","date_gmt":"2016-08-29T15:55:04","guid":{"rendered":"http:\/\/supridata.com\/site\/?page_id=72"},"modified":"2016-08-29T12:55:04","modified_gmt":"2016-08-29T15:55:04","slug":"nota","status":"publish","type":"page","link":"http:\/\/supridata.com\/site\/softwares\/nota\/","title":{"rendered":"Nota Fiscal Eletr\u00f4nica"},"content":{"rendered":"<h2 align=\"left\"><span class=\"fa-stack fa-1x\"><i class=\"fa fa-circle fa-stack-2x\" style=\"color:#0b4b84\"><\/i><i class=\"fa fa-laptop fa-stack-1x fa-inverse\"><\/i><\/span> Nota Fiscal Eletr\u00f4nica<\/h2>\n<p align=\"justify\" style=\"font-size:14px;\">Facilita a vida do contribuinte e as atividades de fiscaliza\u00e7\u00e3o sobre as opera\u00e7\u00f5es e presta\u00e7\u00f5es tributadas pelo Imposto sobre Circula\u00e7\u00e3o de Mercadorias e Servi\u00e7os (ICMS). Segue abaixo uma breve descri\u00e7\u00e3o das funcionalidades do sistema, para saber mais entre em contato conosco <a href=\"http:\/\/supridata.com\/site\/contato\" target=\"_self\"><strong>Clicando Aqui<\/strong><\/a><\/p>\n<div class=\"one_fourth\">\n<div class=\"tt-contentbox\">\n<div class=\"tt-contentbox-title tt-cb-title-grey\" align=\"center\"><span><i class=\"fa fa-plus\"><\/i> Cadastro<\/span><\/div>\n<div class=\"tt-contentbox-content tt-content-style-grey\">\n<ul>\n<li> Empresas <\/li>\n<li> Prestador e Tomador <\/li>\n<li> Servi\u00e7os e Receitas <\/li>\n<\/ul>\n<\/div>\n<\/div>\n<\/div>\n<div class=\"one_fourth\">\n<div class=\"tt-contentbox\">\n<div class=\"tt-contentbox-title tt-cb-title-grey\" align=\"center\"><span><i class=\"fa fa-list-alt\"><\/i> Movimenta\u00e7\u00e3o<\/span><\/div>\n<div class=\"tt-contentbox-content tt-content-style-grey\">\n<ul>\n<li> DAM <\/li>\n<li> Emiss\u00e3o de Nota <\/li>\n<li> Escritura\u00e7\u00e3o Fiscal <\/li>\n<\/ul>\n<\/div>\n<\/div>\n<\/div>\n<div class=\"one_fourth\">\n<div class=\"tt-contentbox\">\n<div class=\"tt-contentbox-title tt-cb-title-grey\" align=\"center\"><span><i class=\"fa fa-print\"><\/i> Relat\u00f3rios<\/span><\/div>\n<div class=\"tt-contentbox-content tt-content-style-grey\">\n<ul>\n<li> DAM <\/li>\n<li> Nota Fiscal <\/li>\n<li> Livro Fiscal <\/li>\n<\/ul>\n<\/div>\n<\/div>\n<\/div>\n<div class=\"one_fourth\">\n<div class=\"tt-contentbox\">\n<div class=\"tt-contentbox-title tt-cb-title-grey\" align=\"center\"><span><i class=\"fa fa-unlock-alt\"><\/i> Acesso e Seguran\u00e7a<\/span><\/div>\n<div class=\"tt-contentbox-content tt-content-style-grey\">\n<ul>\n<li> Backup <\/li>\n<li> Mudan\u00e7a de Senha <\/li>\n<li> N\u00edveis de Acesso <\/li>\n<\/ul>\n<\/div>\n<\/div>\n<\/div>\n<div class=\"hr hr-dotted-double\"><\/div>\n<div class=\"one_fourth\">\n<div class=\"img-frame full-fourth\">\n<div class=\"lightbox-zoom\">\n          <a title=\"Prefeitura de Messias\" href=\"http:\/\/www.pmmessias.sysenota.com.br\" target=\"_blank\" class=\"hover-item\"><img loading=\"lazy\" width=\"197\" height=\"133\" alt=\"Logo Messias\" src=\"http:\/\/sterling.truethemesdemo.net\/wp-content\/themes\/Sterling\/framework\/extended\/timthumb\/timthumb.php?src=http:\/\/supridata.com\/site\/wp-content\/uploads\/2016\/11\/mes-1-1.jpg&#038;h=133&#038;w=197\"><\/a>\n        <\/div>\n<\/p><\/div>\n<div align=\"center\">\n<h4>Messias<\/h4>\n<\/div><\/div>\n","protected":false},"excerpt":{"rendered":"<p>Nota Fiscal Eletr\u00f4nica Facilita a vida do contribuinte e as atividades de fiscaliza\u00e7\u00e3o sobre as opera\u00e7\u00f5es e presta\u00e7\u00f5es tributadas pelo Imposto sobre Circula\u00e7\u00e3o de Mercadorias e Servi\u00e7os (ICMS). Segue abaixo uma breve descri\u00e7\u00e3o das funcionalidades do sistema, para saber mais entre em contato conosco Clicando Aqui Cadastro Empresas Prestador e Tomador Servi\u00e7os e Receitas Movimenta\u00e7\u00e3o [&hellip;]<\/p>\n","protected":false},"author":1,"featured_media":0,"parent":17,"menu_order":0,"comment_status":"open","ping_status":"closed","template":"","meta":[],"_links":{"self":[{"href":"http:\/\/supridata.com\/site\/wp-json\/wp\/v2\/pages\/72"}],"collection":[{"href":"http:\/\/supridata.com\/site\/wp-json\/wp\/v2\/pages"}],"about":[{"href":"http:\/\/supridata.com\/site\/wp-json\/wp\/v2\/types\/page"}],"author":[{"embeddable":true,"href":"http:\/\/supridata.com\/site\/wp-json\/wp\/v2\/users\/1"}],"replies":[{"embeddable":true,"href":"http:\/\/supridata.com\/site\/wp-json\/wp\/v2\/comments?post=72"}],"version-history":[{"count":0,"href":"http:\/\/supridata.com\/site\/wp-json\/wp\/v2\/pages\/72\/revisions"}],"up":[{"embeddable":true,"href":"http:\/\/supridata.com\/site\/wp-json\/wp\/v2\/pages\/17"}],"wp:attachment":[{"href":"http:\/\/supridata.com\/site\/wp-json\/wp\/v2\/media?parent=72"}],"curies":[{"name":"wp","href":"https:\/\/api.w.org\/{rel}","templated":true}]}}