{"id":748,"date":"2016-08-23T18:19:21","date_gmt":"2016-08-23T21:19:21","guid":{"rendered":"http:\/\/supridata.com\/site\/?page_id=2"},"modified":"2021-01-04T09:50:50","modified_gmt":"2021-01-04T12:50:50","slug":"home","status":"publish","type":"page","link":"http:\/\/supridata.com\/site\/","title":{"rendered":"Home"},"content":{"rendered":"<h2>Softwares<\/h2>\n<p>&nbsp;<\/p>\n<div class=\"one_third\">\n<div class=\"tt-icon-box\">\n<p>&nbsp;<\/p>\n<h3>Almoxarifado<\/h3>\n<h3 style=\"font-size: 12px;\">Vers\u00e3o Desktop<\/h3>\n<p>&nbsp;<\/p>\n<div align=\"left\">\n<ul>\n<li>Banco de dados SQL<\/li>\n<li>Login com n\u00edvel de acesso<\/li>\n<li>Sistema em rede<\/li>\n<li>Cadastro completo de produtos<\/li>\n<li>Relat\u00f3rios Personalizados<\/li>\n<\/ul>\n<\/div>\n<p>&nbsp;<\/p>\n<p><a class=\"small cool-blue tt-button\" href=\"http:\/\/supridata.com\/site\/softwares\/almoxarifado\" target=\"_self\" rel=\"noopener\"><i class=\"fa fa-search\"><\/i> Detalhes <\/a><\/p>\n<\/div>\n<\/div>\n<div class=\"one_third\">\n<div class=\"tt-icon-box\">\n<p>&nbsp;<\/p>\n<h3>Folha de Pagamento<\/h3>\n<h3 style=\"font-size: 12px;\">Vers\u00e3o Desktop<\/h3>\n<p>&nbsp;<\/p>\n<div align=\"left\">\n<ul>\n<li>Banco de dados SQL<\/li>\n<li>Login com n\u00edvel de acesso<\/li>\n<li>Sistema em rede<\/li>\n<li>Gera arquivos (DIRF, RAIS, SEFIP)<\/li>\n<li>Progress\u00e3o salarial autom\u00e1tica<\/li>\n<\/ul>\n<\/div>\n<p>&nbsp;<\/p>\n<p><a class=\"small cool-blue tt-button\" href=\"http:\/\/supridata.com\/site\/softwares\/folha\" target=\"_self\" rel=\"noopener\"><i class=\"fa fa-search\"><\/i> Detalhes <\/a><\/p>\n<\/div>\n<\/div>\n<div class=\"one_third\">\n<div class=\"tt-icon-box\">\n<p>&nbsp;<\/p>\n<h3>Nota Fiscal Eletr\u00f4nica<\/h3>\n<h3 style=\"font-size: 12px;\">Vers\u00e3o Web<\/h3>\n<p>&nbsp;<\/p>\n<div align=\"left\">\n<ul>\n<li>Banco de dados MYSQL<\/li>\n<li>Login com n\u00edvel de acesso<\/li>\n<li>Emiss\u00e3o de Nota Fiscal e DAM<\/li>\n<li>Escritura\u00e7\u00e3o<\/li>\n<li>Livro Fiscal (DIRF, RAIS, SEFIP)<\/li>\n<\/ul>\n<\/div>\n<p>&nbsp;<\/p>\n<p><a class=\"small cool-blue tt-button\" href=\"http:\/\/supridata.com\/site\/softwares\/nota\" target=\"_self\" rel=\"noopener\"><i class=\"fa fa-search\"><\/i> Detalhes <\/a><\/p>\n<\/div>\n<\/div>\n<div><\/div>\n<div class=\"one_third\">\n<div class=\"tt-icon-box\">\n<p>&nbsp;<\/p>\n<h3>Patrim\u00f4nio<\/h3>\n<h3 style=\"font-size: 12px;\">Vers\u00e3o Desktop<\/h3>\n<p>&nbsp;<\/p>\n<div align=\"left\">\n<ul>\n<li>Banco de dados SQL<\/li>\n<li>Login com n\u00edvel de acesso<\/li>\n<li>Sistema em rede<\/li>\n<li>Cadastro de bens m\u00f3veis e im\u00f3veis<\/li>\n<li>Reg. transfer\u00eancia e deprecia\u00e7\u00e3o<\/li>\n<\/ul>\n<\/div>\n<p>&nbsp;<\/p>\n<p><a class=\"small cool-blue tt-button\" href=\"http:\/\/supridata.com\/site\/softwares\/patrimonio\" target=\"_self\" rel=\"noopener\"><i class=\"fa fa-search\"><\/i> Detalhes <\/a><\/p>\n<\/div>\n<\/div>\n<div class=\"one_third\">\n<div class=\"tt-icon-box\">\n<p>&nbsp;<\/p>\n<h3>Protocolo<\/h3>\n<h3 style=\"font-size: 12px;\">Vers\u00e3o Desktop \/ Web<\/h3>\n<p>&nbsp;<\/p>\n<div align=\"left\">\n<ul>\n<li>Banco de dados SQL \/ MYSQL<\/li>\n<li>Login com n\u00edvel de acesso<\/li>\n<li>Sistema em rede local \/ web<\/li>\n<li>Inclus\u00e3o anexos ao processo<\/li>\n<li>Acompanhamento dos tramites<\/li>\n<\/ul>\n<\/div>\n<p>&nbsp;<\/p>\n<p><a class=\"small cool-blue tt-button\" href=\"http:\/\/supridata.com\/site\/softwares\/protocolo\" target=\"_self\" rel=\"noopener\"><i class=\"fa fa-search\"><\/i> Detalhes <\/a><\/p>\n<\/div>\n<\/div>\n<div class=\"one_third\">\n<div class=\"tt-icon-box\">\n<p>&nbsp;<\/p>\n<h3>Tributos<\/h3>\n<h3 style=\"font-size: 12px;\">Vers\u00e3o Desktop<\/h3>\n<p>&nbsp;<\/p>\n<div align=\"left\">\n<ul>\n<li>Banco de dados SQL<\/li>\n<li>Login com n\u00edvel de acesso<\/li>\n<li>Sistema em rede<\/li>\n<li>Integra\u00e7\u00e3o com a NF Eletr\u00f4nica<\/li>\n<li>Emiss\u00e3o de IPTU, DAM, Alvar\u00e1<\/li>\n<\/ul>\n<\/div>\n<p>&nbsp;<\/p>\n<p><a class=\"small cool-blue tt-button\" href=\"http:\/\/supridata.com\/site\/softwares\/tributos\" target=\"_self\" rel=\"noopener\"><i class=\"fa fa-search\"><\/i> Detalhes <\/a><\/p>\n<\/div>\n<\/div>\n<div class=\"hr hr-dotted-double\"><\/div>\n<h2>Servi\u00e7os<\/h2>\n<p>&nbsp;<\/p>\n<div class=\"one_fourth\">\n<div class=\"tt-icon-box\">\n<p>&nbsp;<\/p>\n<h3>Contra-Cheque Online<\/h3>\n<p><a class=\"small cool-blue tt-button\" href=\"http:\/\/supridata.com\/site\/servicos\/contracheque\" target=\"_self\" rel=\"noopener\"><i class=\"fa fa-search\"><\/i> Detalhes <\/a><\/p>\n<\/div>\n<\/div>\n<div class=\"one_fourth\">\n<div class=\"tt-icon-box\">\n<p>&nbsp;<\/p>\n<h3>Desenvolvimento Sites Responsivos<\/h3>\n<p><a class=\"small cool-blue tt-button\" href=\"http:\/\/supridata.com\/site\/servicos\/sitesresponsivos\" target=\"_self\" rel=\"noopener\"><i class=\"fa fa-search\"><\/i> Detalhes <\/a><\/p>\n<\/div>\n<\/div>\n<div class=\"one_fourth\">\n<div class=\"tt-icon-box\">\n<p>&nbsp;<\/p>\n<h3>Hospedagem de Sites<\/h3>\n<p><a class=\"small cool-blue tt-button\" href=\"http:\/\/supridata.com\/site\/servicos\/hospedagem\" target=\"_self\" rel=\"noopener\"><i class=\"fa fa-search\"><\/i> Detalhes <\/a><\/p>\n<\/div>\n<\/div>\n<div class=\"one_fourth\">\n<div class=\"tt-icon-box\">\n<p>&nbsp;<\/p>\n<h3>Impress\u00e3o de Dados Vari\u00e1veis<\/h3>\n<p><a class=\"small cool-blue tt-button\" href=\"http:\/\/supridata.com\/site\/servicos\/dadosvariaveis\" target=\"_self\" rel=\"noopener\"><i class=\"fa fa-search\"><\/i> Detalhes <\/a><\/p>\n<\/div>\n<\/div>\n<div class=\"row\">\n<div class=\"one_fourth\">\n<div class=\"tt-icon-box\">\n<p>&nbsp;<\/p>\n<h3>Publica\u00e7\u00e3o de Relat\u00f3rios Fiscais<\/h3>\n<p><a class=\"small cool-blue tt-button\" href=\"http:\/\/supridata.com\/site\/servicos\/relatoriosfiscais\" target=\"_self\" rel=\"noopener\"><i class=\"fa fa-search\"><\/i> Detalhes <\/a><\/p>\n<\/div>\n<\/div>\n<\/div>\n<div class=\"hr hr-dotted-double\"><\/div>\n<h2>Clientes Softwares Online<\/h2>\n<p>&nbsp;<\/p>\n<section id=\"content-container\" class=\"clearfix\">\n<ul>\n<li style=\"list-style-type: none\">\n<ul>\n<li class=\"active\"><a href=\"#\" data-filter=\"*\">Todos<\/a><\/li>\n<li class=\"segment-42\"><a title=\"Contra-Cheque Online\" href=\"#\" data-filter=\".term-22\">Contra-Cheque Online<\/a><\/li>\n<li class=\"segment-40\"><a title=\"Nota Fiscal Eletr\u00f4nica\" href=\"#\" data-filter=\".term-23\">Nota Fiscal Eletr\u00f4nica<\/a><\/li>\n<\/ul>\n<\/li>\n<\/ul>\n<p><!--\n \t\n\n<li class=\"segment-44\"><a href=\"#\" data-filter=\".term-24\" title=\"View all items filed under Themes\">Themes<\/a><\/li>\n\n\n \t\n\n<li class=\"segment-26\"><a href=\"#\" data-filter=\".term-25\" title=\"View all items filed under WordPress\">WordPress<\/a><\/li>\n\n\n--><\/p>\n<div id=\"gallery-outer-wrap\" class=\"clearfix\">\n<div id=\"main-wrap\" class=\"main-wrap-slider clearfix\">\n<div id=\"iso-wrap\" class=\"clearfix\">\n<div class=\"one_fourth term-22 \" data-id=\"id-1\">\n<div class=\"img-frame full-fourth\">\n<div class=\"lightbox-zoom\"><a class=\"hover-item\" title=\"Prefeitura de Carneiros\" href=\"http:\/\/www.crn.supridata-al.com.br\" target=\"_blank\" rel=\"noopener\"><img loading=\"lazy\" src=\"http:\/\/sterling.truethemesdemo.net\/wp-content\/themes\/Sterling\/framework\/extended\/timthumb\/timthumb.php?src=http:\/\/supridata.com\/site\/wp-content\/uploads\/2016\/11\/carn.jpg&amp;h=133&amp;w=197\" alt=\"Logo Carneiros\" width=\"197\" height=\"133\" \/><br \/>\n<\/a><\/div>\n<\/div>\n<h4 align=\"center\">Carneiros<\/h4>\n<\/div>\n<div class=\"one_fourth term-22 \" data-id=\"id-2\">\n<div class=\"img-frame full-fourth\">\n<div class=\"lightbox-zoom\"><a class=\"hover-item\" title=\"Prefeitura de Col\u00f4nia Leopoldina\" href=\"http:\/\/www.cl.supridata-al.com.br\" target=\"_blank\" rel=\"noopener\"><img loading=\"lazy\" src=\"http:\/\/sterling.truethemesdemo.net\/wp-content\/themes\/Sterling\/framework\/extended\/timthumb\/timthumb.php?src= http:\/\/supridata.com\/site\/wp-content\/uploads\/2018\/05\/colonia.jpg\" alt=\"Logo Col\u00f4nia Leopoldina\" width=\"197\" height=\"133\" \/><br \/>\n<\/a><\/div>\n<\/div>\n<h4 align=\"center\">Col\u00f4nia Leopoldina<\/h4>\n<\/div>\n<div class=\"one_fourth term-23 \" data-id=\"id-3\">\n<div class=\"img-frame full-fourth\">\n<div class=\"lightbox-zoom\"><a class=\"hover-item\" title=\"Prefeitura de Messias\" href=\"http:\/\/www.pmmessias.sysenota.com.br\" target=\"_blank\" rel=\"noopener\"><img loading=\"lazy\" src=\"http:\/\/sterling.truethemesdemo.net\/wp-content\/themes\/Sterling\/framework\/extended\/timthumb\/timthumb.php?src=http:\/\/supridata.com\/site\/wp-content\/uploads\/2016\/11\/mes-1-1.jpg&amp;h=133&amp;w=197\" alt=\"Logo Messias\" width=\"197\" height=\"133\" \/><br \/>\n<\/a><\/div>\n<\/div>\n<h4 align=\"center\">Messias<\/h4>\n<\/div>\n<div class=\"one_fourth term-22 \" data-id=\"id-4\">\n<div class=\"img-frame full-fourth\">\n<div class=\"lightbox-zoom\"><a class=\"hover-item\" title=\"Prefeitura de Olho D'Agua das Flores\" href=\"http:\/\/www.odf.supridata-al.com.br\" target=\"_blank\" rel=\"noopener\"><img loading=\"lazy\" src=\"http:\/\/sterling.truethemesdemo.net\/wp-content\/themes\/Sterling\/framework\/extended\/timthumb\/timthumb.php?src=http:\/\/supridata.com\/site\/wp-content\/uploads\/2016\/11\/odf-1-1.jpg&amp;h=133&amp;w=197\" alt=\"Logo Olho D'Agua das Flores\" width=\"197\" height=\"133\" \/><br \/>\n<\/a><\/div>\n<\/div>\n<h4 align=\"center\">Olho D&#8217;Agua das Flores<\/h4>\n<\/div>\n<div class=\"one_fourth term-22 \" data-id=\"id-5\">\n<div class=\"img-frame full-fourth\">\n<div class=\"lightbox-zoom\"><a class=\"hover-item\" title=\"Prefeitura de S\u00e3o Sebasti\u00e3o\" href=\"http:\/\/www.ss.supridata-al.com.br\" target=\"_blank\" rel=\"noopener\"><img loading=\"lazy\" src=\"http:\/\/sterling.truethemesdemo.net\/wp-content\/themes\/Sterling\/framework\/extended\/timthumb\/timthumb.php?src=http:\/\/supridata.com\/site\/wp-content\/uploads\/2016\/11\/saoseb-1-1.jpg&amp;h=133&amp;w=197\" alt=\"Logo S\u00e3o Sebasti\u00e3o\" width=\"197\" height=\"133\" \/><br \/>\n<\/a><\/div>\n<\/div>\n<h4 align=\"center\">S\u00e3o Sebasti\u00e3o<\/h4>\n<\/div>\n<\/div>\n<\/div>\n<\/div>\n<\/section>\n","protected":false},"excerpt":{"rendered":"<p>Softwares &nbsp; &nbsp; Almoxarifado Vers\u00e3o Desktop &nbsp; Banco de dados SQL Login com n\u00edvel de acesso Sistema em rede Cadastro completo de produtos Relat\u00f3rios Personalizados &nbsp; Detalhes &nbsp; Folha de Pagamento Vers\u00e3o Desktop &nbsp; Banco de dados SQL Login com n\u00edvel de acesso Sistema em rede Gera arquivos (DIRF, RAIS, SEFIP) Progress\u00e3o salarial autom\u00e1tica &nbsp; [&hellip;]<\/p>\n","protected":false},"author":1,"featured_media":0,"parent":0,"menu_order":0,"comment_status":"open","ping_status":"closed","template":"page-template-home-lightbox.php","meta":[],"_links":{"self":[{"href":"http:\/\/supridata.com\/site\/wp-json\/wp\/v2\/pages\/748"}],"collection":[{"href":"http:\/\/supridata.com\/site\/wp-json\/wp\/v2\/pages"}],"about":[{"href":"http:\/\/supridata.com\/site\/wp-json\/wp\/v2\/types\/page"}],"author":[{"embeddable":true,"href":"http:\/\/supridata.com\/site\/wp-json\/wp\/v2\/users\/1"}],"replies":[{"embeddable":true,"href":"http:\/\/supridata.com\/site\/wp-json\/wp\/v2\/comments?post=748"}],"version-history":[{"count":7,"href":"http:\/\/supridata.com\/site\/wp-json\/wp\/v2\/pages\/748\/revisions"}],"predecessor-version":[{"id":855,"href":"http:\/\/supridata.com\/site\/wp-json\/wp\/v2\/pages\/748\/revisions\/855"}],"wp:attachment":[{"href":"http:\/\/supridata.com\/site\/wp-json\/wp\/v2\/media?parent=748"}],"curies":[{"name":"wp","href":"https:\/\/api.w.org\/{rel}","templated":true}]}}