{"id":75,"date":"2016-08-29T12:55:20","date_gmt":"2016-08-29T15:55:20","guid":{"rendered":"http:\/\/supridata.com\/site\/?page_id=75"},"modified":"2016-08-29T12:55:20","modified_gmt":"2016-08-29T15:55:20","slug":"protocolo","status":"publish","type":"page","link":"http:\/\/supridata.com\/site\/softwares\/protocolo\/","title":{"rendered":"Protocolo"},"content":{"rendered":"<h2 align=\"left\"><span class=\"fa-stack fa-1x\"><i class=\"fa fa-circle fa-stack-2x\" style=\"color:#0b4b84\"><\/i><i class=\"fa fa-book fa-stack-1x fa-inverse\"><\/i><\/span> Software de Protocolo<\/h2>\n<p align=\"justify\" style=\"font-size:14px;\">Oferece uma vis\u00e3o integrada dos tr\u00e2mites de documentos avulsos, ou processos com a maior transpar\u00eancia e facilidade de acesso. Reduz o tempo de atendimento e minimiza os deslocamentos para o acompanhamento do tr\u00e2mite dos documentos. Segue abaixo uma breve descri\u00e7\u00e3o das funcionalidades do sistema, para saber mais entre em contato conosco <a href=\"http:\/\/supridata.com\/site\/contato\" target=\"_self\"><strong>Clicando Aqui<\/strong><\/a><\/p>\n<div class=\"one_fourth\">\n<div class=\"tt-contentbox\">\n<div class=\"tt-contentbox-title tt-cb-title-grey\" align=\"center\"><span><i class=\"fa fa-plus\"><\/i> Cadastro<\/span><\/div>\n<div class=\"tt-contentbox-content tt-content-style-grey\">\n<ul>\n<li> Processos com Anexos <\/li>\n<li> Setor <\/li>\n<li> Usu\u00e1rio <\/li>\n<\/ul>\n<\/div>\n<\/div>\n<\/div>\n<div class=\"one_fourth\">\n<div class=\"tt-contentbox\">\n<div class=\"tt-contentbox-title tt-cb-title-grey\" align=\"center\"><span><i class=\"fa fa-list-alt\"><\/i> Movimenta\u00e7\u00e3o<\/span><\/div>\n<div class=\"tt-contentbox-content tt-content-style-grey\">\n<ul>\n<li> Setor <\/li>\n<li> Usu\u00e1rios <\/li>\n<li> Tr\u00e2mites de Processos <\/li>\n<\/ul>\n<\/div>\n<\/div>\n<\/div>\n<div class=\"one_fourth\">\n<div class=\"tt-contentbox\">\n<div class=\"tt-contentbox-title tt-cb-title-grey\" align=\"center\"><span><i class=\"fa fa-print\"><\/i> Relat\u00f3rios<\/span><\/div>\n<div class=\"tt-contentbox-content tt-content-style-grey\">\n<ul>\n<li> Personalizados <\/li>\n<li> Processos por Pessoas <\/li>\n<li> Processos por Setores <\/li>\n<\/ul>\n<\/div>\n<\/div>\n<\/div>\n<div class=\"one_fourth\">\n<div class=\"tt-contentbox\">\n<div class=\"tt-contentbox-title tt-cb-title-grey\" align=\"center\"><span><i class=\"fa fa-unlock-alt\"><\/i> Acesso e Seguran\u00e7a<\/span><\/div>\n<div class=\"tt-contentbox-content tt-content-style-grey\">\n<ul>\n<li> Backup <\/li>\n<li> N\u00edvel de Acesso <\/li>\n<li> Senha Criptografada <\/li>\n<\/ul>\n<\/div>\n<\/div>\n<\/div>\n","protected":false},"excerpt":{"rendered":"<p>Software de Protocolo Oferece uma vis\u00e3o integrada dos tr\u00e2mites de documentos avulsos, ou processos com a maior transpar\u00eancia e facilidade de acesso. Reduz o tempo de atendimento e minimiza os deslocamentos para o acompanhamento do tr\u00e2mite dos documentos. Segue abaixo uma breve descri\u00e7\u00e3o das funcionalidades do sistema, para saber mais entre em contato conosco Clicando [&hellip;]<\/p>\n","protected":false},"author":1,"featured_media":0,"parent":17,"menu_order":0,"comment_status":"open","ping_status":"closed","template":"","meta":[],"_links":{"self":[{"href":"http:\/\/supridata.com\/site\/wp-json\/wp\/v2\/pages\/75"}],"collection":[{"href":"http:\/\/supridata.com\/site\/wp-json\/wp\/v2\/pages"}],"about":[{"href":"http:\/\/supridata.com\/site\/wp-json\/wp\/v2\/types\/page"}],"author":[{"embeddable":true,"href":"http:\/\/supridata.com\/site\/wp-json\/wp\/v2\/users\/1"}],"replies":[{"embeddable":true,"href":"http:\/\/supridata.com\/site\/wp-json\/wp\/v2\/comments?post=75"}],"version-history":[{"count":0,"href":"http:\/\/supridata.com\/site\/wp-json\/wp\/v2\/pages\/75\/revisions"}],"up":[{"embeddable":true,"href":"http:\/\/supridata.com\/site\/wp-json\/wp\/v2\/pages\/17"}],"wp:attachment":[{"href":"http:\/\/supridata.com\/site\/wp-json\/wp\/v2\/media?parent=75"}],"curies":[{"name":"wp","href":"https:\/\/api.w.org\/{rel}","templated":true}]}}