{"id":86,"date":"2016-08-29T12:57:51","date_gmt":"2016-08-29T12:57:51","guid":{"rendered":"http:\/\/supridata.com\/site\/?page_id=86"},"modified":"2016-08-29T12:57:51","modified_gmt":"2016-08-29T12:57:51","slug":"relatoriosfiscais","status":"publish","type":"page","link":"http:\/\/supridata.com\/site\/servicos\/relatoriosfiscais\/","title":{"rendered":"Publica\u00e7\u00e3o de Relat\u00f3rios Fiscais"},"content":{"rendered":"<h2 align=\"left\"><span class=\"fa-stack fa-1x\"><i class=\"fa fa-circle fa-stack-2x\" style=\"color:#0b4b84\"><\/i><i class=\"fa fa-cloud-upload fa-stack-1x fa-inverse\"><\/i><\/span> Publica\u00e7\u00e3o de Relat\u00f3rios Fiscais<\/h2>\n<div class=\"one_third\">\n  <a href=\"http:\/\/www.portaldosmunicipios.com\" target=\"_blank\"><img src=\"http:\/\/supridata.com\/site\/wp-content\/uploads\/2016\/11\/portal1-1-1.png\"><\/a>\n<\/div>\n<p>&nbsp;<\/p>\n<div>\n<p align=\"justify\" style=\"font-size:14px;\"> A Publica\u00e7\u00e3o de Relat\u00f3rios Fiscais feita atrav\u00e9s do <strong><a href=\"http:\/\/www.portaldosmunicipios.com\" target=\"_blank\"> Portal dos Munic\u00edpios<\/a><\/strong> vem auxiliar as prefeituras nessa nova jornada, colocando-se a disposi\u00e7\u00e3o com toda a sua infra-estrutura e suporte tecnol\u00f3gico, cumprindo assim as exig\u00eancias da LRF. Para saber mais entre em contato conosco <a href=\"http:\/\/supridata.com\/site\/contato\" target=\"_self\"><strong>Clicando Aqui<\/strong><\/a><\/p>\n<\/div>\n","protected":false},"excerpt":{"rendered":"<p>Publica\u00e7\u00e3o de Relat\u00f3rios Fiscais &nbsp; A Publica\u00e7\u00e3o de Relat\u00f3rios Fiscais feita atrav\u00e9s do Portal dos Munic\u00edpios vem auxiliar as prefeituras nessa nova jornada, colocando-se a disposi\u00e7\u00e3o com toda a sua infra-estrutura e suporte tecnol\u00f3gico, cumprindo assim as exig\u00eancias da LRF. Para saber mais entre em contato conosco Clicando Aqui<\/p>\n","protected":false},"author":1,"featured_media":0,"parent":19,"menu_order":0,"comment_status":"open","ping_status":"closed","template":"","meta":[],"_links":{"self":[{"href":"http:\/\/supridata.com\/site\/wp-json\/wp\/v2\/pages\/86"}],"collection":[{"href":"http:\/\/supridata.com\/site\/wp-json\/wp\/v2\/pages"}],"about":[{"href":"http:\/\/supridata.com\/site\/wp-json\/wp\/v2\/types\/page"}],"author":[{"embeddable":true,"href":"http:\/\/supridata.com\/site\/wp-json\/wp\/v2\/users\/1"}],"replies":[{"embeddable":true,"href":"http:\/\/supridata.com\/site\/wp-json\/wp\/v2\/comments?post=86"}],"version-history":[{"count":0,"href":"http:\/\/supridata.com\/site\/wp-json\/wp\/v2\/pages\/86\/revisions"}],"up":[{"embeddable":true,"href":"http:\/\/supridata.com\/site\/wp-json\/wp\/v2\/pages\/19"}],"wp:attachment":[{"href":"http:\/\/supridata.com\/site\/wp-json\/wp\/v2\/media?parent=86"}],"curies":[{"name":"wp","href":"https:\/\/api.w.org\/{rel}","templated":true}]}}