{"id":88,"date":"2016-08-29T12:58:29","date_gmt":"2016-08-29T12:58:29","guid":{"rendered":"http:\/\/supridata.com\/site\/?page_id=88"},"modified":"2016-08-29T12:58:29","modified_gmt":"2016-08-29T12:58:29","slug":"contracheque","status":"publish","type":"page","link":"http:\/\/supridata.com\/site\/servicos\/contracheque\/","title":{"rendered":"Contra-Cheque Online"},"content":{"rendered":"<h2 align=\"left\"><span class=\"fa-stack fa-1x\"><i class=\"fa fa-circle fa-stack-2x\" style=\"color:#0b4b84\"><\/i><i class=\"fa fa-money fa-stack-1x fa-inverse\"><\/i><\/span> Contra-Cheque Online<\/h2>\n<div class=\"one_third\">\n  <img src=\"http:\/\/supridata.com\/site\/wp-content\/uploads\/2016\/11\/contracheque1-1-1.jpg\">\n<\/div>\n<p>&nbsp;<\/p>\n<div>\n<p align=\"justify\" style=\"font-size:14px;\">Os servidores municipais podem acessar seus contracheques e hist\u00f3rico financeiro atrav\u00e9s da internet. Para saber mais entre em contato conosco <a href=\"http:\/\/supridata.com\/site\/contato\" target=\"_self\"><strong>Clicando Aqui<\/strong><\/a><\/p>\n<\/div>\n<div class=\"hr hr-dotted-double\"><\/div>\n<div class=\"one_fourth\">\n<div class=\"img-frame full-fourth\">\n<div class=\"lightbox-zoom\">\n          <a title=\"Prefeitura de Carneiros\" href=\"http:\/\/www.crn.supridata-al.com.br\" target=\"_blank\" class=\"hover-item\"><img loading=\"lazy\" width=\"197\" height=\"133\" alt=\"Logo Carneiros\" src=\"http:\/\/sterling.truethemesdemo.net\/wp-content\/themes\/Sterling\/framework\/extended\/timthumb\/timthumb.php?src=http:\/\/supridata.com\/site\/wp-content\/uploads\/2016\/11\/carn.jpg&#038;h=133&#038;w=197\"><\/a>\n        <\/div>\n<\/p><\/div>\n<div align=\"center\">\n<h4>Carneiros<\/h4>\n<\/div><\/div>\n<div class=\"one_fourth\">\n<div class=\"img-frame full-fourth\">\n<div class=\"lightbox-zoom\">\n          <a title=\"Prefeitura de Colonia Leopoldina\" href=\"http:\/\/www.cl.supridata-al.com.br\" target=\"_blank\" class=\"hover-item\"><img loading=\"lazy\" width=\"197\" height=\"133\" alt=\"Logo Colonia Leopoldina\" src=\"http:\/\/sterling.truethemesdemo.net\/wp-content\/themes\/Sterling\/framework\/extended\/timthumb\/timthumb.php?src=http:\/\/supridata.com\/site\/wp-content\/uploads\/2016\/11\/col-1-1.jpg&#038;h=133&#038;w=197\"><\/a>\n        <\/div>\n<\/p><\/div>\n<div align=\"center\">\n<h4>Col\u00f4nia Leopoldina<\/h4>\n<\/div><\/div>\n<div class=\"one_fourth\">\n<div class=\"img-frame full-fourth\">\n<div class=\"lightbox-zoom\">\n          <a title=\"Prefeitura de Olho D'Agua das Flores\" href=\"http:\/\/www.odf.supridata-al.com.br\" target=\"_blank\" class=\"hover-item\"><img loading=\"lazy\" width=\"197\" height=\"133\" alt=\"Logo Olho DAgua das Flores\" src=\"http:\/\/sterling.truethemesdemo.net\/wp-content\/themes\/Sterling\/framework\/extended\/timthumb\/timthumb.php?src=http:\/\/supridata.com\/site\/wp-content\/uploads\/2016\/11\/odf-1-1.jpg&#038;h=133&#038;w=197\"><\/a>\n        <\/div>\n<\/p><\/div>\n<div align=\"center\">\n<h4>Olho D&#8217;Agua das Flores<\/h4>\n<\/div><\/div>\n<div class=\"one_fourth\">\n<div class=\"img-frame full-fourth\">\n<div class=\"lightbox-zoom\">\n          <a title=\"Prefeitura de S\u00e3o Sebasti\u00e3o\" href=\"http:\/\/www.ss.supridata-al.com.br\" target=\"_blank\" class=\"hover-item\"><img loading=\"lazy\" width=\"197\" height=\"133\" alt=\"Logo S\u00e3o Sebasti\u00e3o\" src=\"http:\/\/sterling.truethemesdemo.net\/wp-content\/themes\/Sterling\/framework\/extended\/timthumb\/timthumb.php?src=http:\/\/supridata.com\/site\/wp-content\/uploads\/2016\/11\/saoseb-1-1.jpg&#038;h=133&#038;w=197\"><\/a>\n        <\/div>\n<\/p><\/div>\n<div align=\"center\">\n<h4>S\u00e3o Sebasti\u00e3o<\/h4>\n<\/div><\/div>\n","protected":false},"excerpt":{"rendered":"<p>Contra-Cheque Online &nbsp; Os servidores municipais podem acessar seus contracheques e hist\u00f3rico financeiro atrav\u00e9s da internet. Para saber mais entre em contato conosco Clicando Aqui Carneiros Col\u00f4nia Leopoldina Olho D&#8217;Agua das Flores S\u00e3o Sebasti\u00e3o<\/p>\n","protected":false},"author":1,"featured_media":0,"parent":19,"menu_order":0,"comment_status":"open","ping_status":"closed","template":"","meta":[],"_links":{"self":[{"href":"http:\/\/supridata.com\/site\/wp-json\/wp\/v2\/pages\/88"}],"collection":[{"href":"http:\/\/supridata.com\/site\/wp-json\/wp\/v2\/pages"}],"about":[{"href":"http:\/\/supridata.com\/site\/wp-json\/wp\/v2\/types\/page"}],"author":[{"embeddable":true,"href":"http:\/\/supridata.com\/site\/wp-json\/wp\/v2\/users\/1"}],"replies":[{"embeddable":true,"href":"http:\/\/supridata.com\/site\/wp-json\/wp\/v2\/comments?post=88"}],"version-history":[{"count":0,"href":"http:\/\/supridata.com\/site\/wp-json\/wp\/v2\/pages\/88\/revisions"}],"up":[{"embeddable":true,"href":"http:\/\/supridata.com\/site\/wp-json\/wp\/v2\/pages\/19"}],"wp:attachment":[{"href":"http:\/\/supridata.com\/site\/wp-json\/wp\/v2\/media?parent=88"}],"curies":[{"name":"wp","href":"https:\/\/api.w.org\/{rel}","templated":true}]}}