{"id":90,"date":"2016-08-29T12:58:54","date_gmt":"2016-08-29T12:58:54","guid":{"rendered":"http:\/\/supridata.com\/site\/?page_id=90"},"modified":"2016-08-29T12:58:54","modified_gmt":"2016-08-29T12:58:54","slug":"sitesresponsivos","status":"publish","type":"page","link":"http:\/\/supridata.com\/site\/servicos\/sitesresponsivos\/","title":{"rendered":"Sites Responsivos"},"content":{"rendered":"<h2 align=\"left\"><span class=\"fa-stack fa-1x\"><i class=\"fa fa-circle fa-stack-2x\" style=\"color:#0b4b84\"><\/i><i class=\"fa fa-tablet fa-stack-1x fa-inverse\"><\/i><\/span> Desenvolvimento de Sites Responsivos<\/h2>\n<div class=\"one_third\">\n  <img src=\"http:\/\/supridata.com\/site\/wp-content\/uploads\/2016\/11\/site-1-1.jpg\">\n<\/div>\n<p>&nbsp;<\/p>\n<div>\n<p align=\"justify\" style=\"font-size:14px;\">Trabalhamos com solu\u00e7\u00f5es web desenvolvendo seu site para ser visualizado tanto em desktops, smartphones e tablets. Voc\u00ea poder\u00e1 gerenciar o conte\u00fado do seu site atrav\u00e9s de pain\u00e9is corporativos personalizados. Para saber mais entre em contato conosco <a href=\"http:\/\/supridata.com\/site\/contato\" target=\"_self\"><strong>Clicando Aqui<\/strong><\/a><\/p>\n<\/div>\n","protected":false},"excerpt":{"rendered":"<p>Desenvolvimento de Sites Responsivos &nbsp; Trabalhamos com solu\u00e7\u00f5es web desenvolvendo seu site para ser visualizado tanto em desktops, smartphones e tablets. Voc\u00ea poder\u00e1 gerenciar o conte\u00fado do seu site atrav\u00e9s de pain\u00e9is corporativos personalizados. Para saber mais entre em contato conosco Clicando Aqui<\/p>\n","protected":false},"author":1,"featured_media":0,"parent":19,"menu_order":0,"comment_status":"open","ping_status":"closed","template":"","meta":[],"_links":{"self":[{"href":"http:\/\/supridata.com\/site\/wp-json\/wp\/v2\/pages\/90"}],"collection":[{"href":"http:\/\/supridata.com\/site\/wp-json\/wp\/v2\/pages"}],"about":[{"href":"http:\/\/supridata.com\/site\/wp-json\/wp\/v2\/types\/page"}],"author":[{"embeddable":true,"href":"http:\/\/supridata.com\/site\/wp-json\/wp\/v2\/users\/1"}],"replies":[{"embeddable":true,"href":"http:\/\/supridata.com\/site\/wp-json\/wp\/v2\/comments?post=90"}],"version-history":[{"count":0,"href":"http:\/\/supridata.com\/site\/wp-json\/wp\/v2\/pages\/90\/revisions"}],"up":[{"embeddable":true,"href":"http:\/\/supridata.com\/site\/wp-json\/wp\/v2\/pages\/19"}],"wp:attachment":[{"href":"http:\/\/supridata.com\/site\/wp-json\/wp\/v2\/media?parent=90"}],"curies":[{"name":"wp","href":"https:\/\/api.w.org\/{rel}","templated":true}]}}